{"id":48,"date":"2020-09-01T12:52:58","date_gmt":"2020-09-01T12:52:58","guid":{"rendered":"http:\/\/studioveh.test\/imprint\/"},"modified":"2024-05-06T13:28:00","modified_gmt":"2024-05-06T13:28:00","slug":"imprint","status":"publish","type":"page","link":"https:\/\/studioveh.com\/de\/imprint\/","title":{"rendered":"Impressum"},"content":{"rendered":"\n<div id=\"title-block_16bf8f427eab623210a8b85d7f924fba\" class=\"row section-margin-bottom \">\n\t<div class=\"col-xs-12 col-md-9\">\n\t\t<h1 class=\"page-title\">Impressum<\/h1>\n\t<\/div>\n<\/div>\n\n\n<div id=\"content-block_13190f9aab4e92856153274a080706bf\" class=\"row panel section-margin-bottom block-content aligntrue\">\n\t<div class=\"col-xs-12 col-md-4\">\n\t\t\t\t<p class=\"Normal\">Verantwortlich f\u00fcr den Inhalt dieser Seite gem\u00e4\u00df TMG:<\/p>\n\t\t\t<\/div>\n\t<div class=\"col-xs-12 col-md-8\">\n\t\t\t\t\t\t\t\t\t\t\t\t\t\t\t\t\t\t\t<\/div>\n<\/div>\n\n\n\n<div id=\"content-block_2998f99ca0c129837fa841ff04cc406b\" class=\"row panel section-margin-bottom block-content aligntrue\">\n\t<div class=\"col-xs-12 col-md-4\">\n\t\t\t\t<p class=\"\">Verantwortlich f\u00fcr diesen Webauftritt:<\/p>\n\t\t\t<\/div>\n\t<div class=\"col-xs-12 col-md-8\">\n\t\t\t\t\t\t\t\t\t\t\t\t\t\t\t\t\t\t<div class=\"row\">\n\t\t\t\t\t\t<div class=\"col-xs-12 col-md-11\">\n\t\t\t\t\t\t\t<span class=\"default\">\n                                \n\t\t\t\t\t\t\t<p>Franziska Veh<br \/>\n<a href=\"mailto:hello@studioveh.com\">hello@studioveh.com<\/a><\/p>\n                            <\/span>\n\t\t\t\t\t\t<\/div>\n\t\t\t\t\t<\/div>\n\t\t\t\t\t\t\t\t\t\t<\/div>\n<\/div>\n\n\n\n<div id=\"content-block_0d2b4936fac41ecb6724f99aa004182b\" class=\"row panel section-margin-bottom block-content aligntrue\">\n\t<div class=\"col-xs-12 col-md-4\">\n\t\t\t\t<p class=\"\">Ansprechpartnerin f\u00fcr Projektanfragen und Medien:<\/p>\n\t\t\t<\/div>\n\t<div class=\"col-xs-12 col-md-8\">\n\t\t\t\t\t\t\t\t\t\t\t\t\t\t\t\t\t\t<div class=\"row\">\n\t\t\t\t\t\t<div class=\"col-xs-12 col-md-11\">\n\t\t\t\t\t\t\t<span class=\"default\">\n                                \n\t\t\t\t\t\t\t<p>Kiyoshi Stelzner<br \/>\n<a href=\"mailto:kiyoshi@studioveh.com\">kiyoshi@studioveh.com<\/a><\/p>\n                            <\/span>\n\t\t\t\t\t\t<\/div>\n\t\t\t\t\t<\/div>\n\t\t\t\t\t\t\t\t\t\t<\/div>\n<\/div>\n\n\n\n<div id=\"title-block_a9f459e7ba0b1599fdf68e500810bf2b\" class=\"row section-margin-bottom \">\n\t<div class=\"col-xs-12 col-md-9\">\n\t\t<h1 class=\"Normal\">Disclaimer<\/h1>\n\t<\/div>\n<\/div>\n\n\n<div id=\"content-block_002426fa3e993221826d02e27ffc3c7f\" class=\"row panel section-margin-bottom block-content aligntrue\">\n\t<div class=\"col-xs-12 col-md-4\">\n\t\t\t\t<p class=\"\">Inhalte allgemein<\/p>\n\t\t\t<\/div>\n\t<div class=\"col-xs-12 col-md-8\">\n\t\t\t\t\t\t\t\t\t\t\t\t\t\t\t\t\t\t<div class=\"row\">\n\t\t\t\t\t\t<div class=\"col-xs-12 col-md-11\">\n\t\t\t\t\t\t\t<span class=\"default\">\n                                \n\t\t\t\t\t\t\t<p>Studio Veh \u00fcbernimmt keinerlei Gew\u00e4hr f\u00fcr die Richtigkeit, Vollst\u00e4ndigkeit und Aktualit\u00e4t der bereitgestellten Informationen. Haftungsanspr\u00fcche gegen Studio Veh, welche sich auf Sch\u00e4den jedweder Art beziehen, die durch die Nutzung oder Nichtnutzung der dargebotenen Informationen bzw. durch die Nutzung fehlerhafter und unvollst\u00e4ndiger Informationen verursacht wurden, sind grunds\u00e4tzlich ausgeschlossen, sofern auf Seiten von Studio Veh nicht nachweislich vors\u00e4tzliches oder grob fahrl\u00e4ssiges Verschulden vorliegt. Studio Veh beh\u00e4lt es sich ausdr\u00fccklich vor, Teile der Seiten oder das gesamte Informationsangebot ohne gesonderte Ank\u00fcndigung zu ver\u00e4ndern, zu erg\u00e4nzen, zu l\u00f6schen oder die Ver\u00f6ffentlichung zeitweise oder endg\u00fcltig einzustellen.<\/p>\n                            <\/span>\n\t\t\t\t\t\t<\/div>\n\t\t\t\t\t<\/div>\n\t\t\t\t\t\t\t\t\t\t<\/div>\n<\/div>\n\n\n\n<div id=\"content-block_cb7d7bb057e390491e3cbff18e9093a7\" class=\"row panel section-margin-bottom block-content aligntrue\">\n\t<div class=\"col-xs-12 col-md-4\">\n\t\t\t\t<p class=\"\">Verweise und Links<\/p>\n\t\t\t<\/div>\n\t<div class=\"col-xs-12 col-md-8\">\n\t\t\t\t\t\t\t\t\t\t\t\t\t\t\t\t\t\t<div class=\"row\">\n\t\t\t\t\t\t<div class=\"col-xs-12 col-md-11\">\n\t\t\t\t\t\t\t<span class=\"default\">\n                                \n\t\t\t\t\t\t\t<p>Bei direkten oder indirekten Verweisen auf fremde Internetseiten (&#8222;Links&#8220;), besteht eine Haftung von Studio Veh f\u00fcr dort befindliche Inhalte nur bei deren Kenntnis und f\u00fcr den Fall, dass es f\u00fcr Studio Veh auch technisch m\u00f6glich und zumutbar w\u00e4re, die Nutzung im Falle rechtswidriger Inhalte zu verhindern. Studio Veh erkl\u00e4rt daher ausdr\u00fccklich, dass zum Zeitpunkt der Linksetzung die entsprechenden verlinkten Seiten frei von illegalen Inhalten waren. Studio Veh hat keinerlei Einfluss auf die aktuelle und zuk\u00fcnftige Gestaltung und auf die Inhalte der gelinkten\/verkn\u00fcpften Seiten. Deshalb distanziert sich Studio Veh hiermit ausdr\u00fccklich von allen Inhalten aller gelinkten \/verkn\u00fcpften Seiten, die nach der Linksetzung ver\u00e4ndert wurden. Diese Feststellung gilt f\u00fcr alle innerhalb des eigenen Internetangebotes gesetzten Links und Verweise sowie f\u00fcr Fremdeintr\u00e4ge in gegebenenfalls von Studio Veh eingerichteten G\u00e4steb\u00fcchern, Diskussionsforen und Mailinglisten. F\u00fcr illegale, fehlerhafte oder unvollst\u00e4ndige Inhalte und insbesondere f\u00fcr Sch\u00e4den, die aus der Nutzung oder Nichtnutzung solcherart dargebotener Informationen entstehen, haftet ausschlie\u00dflich der Anbieter der Seite, auf welche verwiesen wurde, nicht derjenige, der \u00fcber Links auf die jeweilige Ver\u00f6ffentlichung lediglich verweist.<\/p>\n                            <\/span>\n\t\t\t\t\t\t<\/div>\n\t\t\t\t\t<\/div>\n\t\t\t\t\t\t\t\t\t\t<\/div>\n<\/div>\n\n\n\n<div id=\"content-block_0adb8e1e66bca24599a2671fece86069\" class=\"row panel section-margin-bottom block-content aligntrue\">\n\t<div class=\"col-xs-12 col-md-4\">\n\t\t\t\t<p class=\"\">Keine Zusicherung oder Beratung<\/p>\n\t\t\t<\/div>\n\t<div class=\"col-xs-12 col-md-8\">\n\t\t\t\t\t\t\t\t\t\t\t\t\t\t\t\t\t\t<div class=\"row\">\n\t\t\t\t\t\t<div class=\"col-xs-12 col-md-11\">\n\t\t\t\t\t\t\t<span class=\"default\">\n                                \n\t\t\t\t\t\t\t<p>Die Informationen oder Daten auf den Websites stellen in keinem Fall rechtliche oder tats\u00e4chliche Zusicherungen dar, die eine direkte oder indirekte Schadensersatzpflicht ausl\u00f6sen k\u00f6nnen. Rechte und Pflichten zwischen uns und einem Nutzer der Websites oder Dritten entstehen und bestehen nicht. Durch den Abruf unserer Websites kommt auch kein Beratungsverh\u00e4ltnis zustande. Alle unsere Angebote auf unseren Websites sind in allen Teilen unverbindlich. Falls Sie eine Beratung durch uns w\u00fcnschen oder eine unserer Dienstleistungen in Anspruch nehmen wollen, sprechen Sie uns bitte direkt und individuell an. <\/p>\n                            <\/span>\n\t\t\t\t\t\t<\/div>\n\t\t\t\t\t<\/div>\n\t\t\t\t\t\t\t\t\t\t<\/div>\n<\/div>\n\n\n\n<div id=\"content-block_5eed673d7f92970963e64a593ae58ac6\" class=\"row panel section-margin-bottom block-content aligntrue\">\n\t<div class=\"col-xs-12 col-md-4\">\n\t\t\t\t<p class=\"\">Urheber- und Kennzeichenrecht<\/p>\n\t\t\t<\/div>\n\t<div class=\"col-xs-12 col-md-8\">\n\t\t\t\t\t\t\t\t\t\t\t\t\t\t\t\t\t\t<div class=\"row\">\n\t\t\t\t\t\t<div class=\"col-xs-12 col-md-11\">\n\t\t\t\t\t\t\t<span class=\"default\">\n                                \n\t\t\t\t\t\t\t<p>Alle innerhalb des Internetangebotes genannten und ggf. durch Dritte gesch\u00fctzten Marken- und Warenzeichen unterliegen uneingeschr\u00e4nkt den Bestimmungen des jeweils g\u00fcltigen Kennzeichenrechts und den Besitzrechten der jeweiligen eingetragenen Eigent\u00fcmer. Allein aufgrund der blo\u00dfen Nennung ist nicht der Schluss zu ziehen, dass Markenzeichen nicht durch Rechte Dritter gesch\u00fctzt sind.<br \/>\nAlle ver\u00f6ffentlichten Texte, Bilder, Grafiken, Ton-, Video- und Animationsdateien sowie das Layout dieser Seiten unterliegen weltweitem Urheberrecht und anderen Gesetzen zum Schutz geistigen Eigentums. Sie d\u00fcrfen weder f\u00fcr Handelszwecke oder zur Weitergabe kopiert, noch ver\u00e4ndert und auf anderen Websites verwendet werden. Einige Seiten enthalten auch Bilder, die dem Urheberrecht derjenigen unterliegen, die diese zur Verf\u00fcgung gestellt haben.<\/p>\n                            <\/span>\n\t\t\t\t\t\t<\/div>\n\t\t\t\t\t<\/div>\n\t\t\t\t\t\t\t\t\t\t<\/div>\n<\/div>\n\n\n\n<div id=\"content-block_d0fe69a07542ec7773f39ccd2e6ec966\" class=\"row panel section-margin-bottom block-content aligntrue\">\n\t<div class=\"col-xs-12 col-md-4\">\n\t\t\t\t<p class=\"\">Datenschutz und vertrauliche Informationen<\/p>\n\t\t\t<\/div>\n\t<div class=\"col-xs-12 col-md-8\">\n\t\t\t\t\t\t\t\t\t\t\t\t\t\t\t\t\t\t<div class=\"row\">\n\t\t\t\t\t\t<div class=\"col-xs-12 col-md-11\">\n\t\t\t\t\t\t\t<span class=\"default\">\n                                \n\t\t\t\t\t\t\t<p>Sofern innerhalb des Internetangebotes die freiwillige M\u00f6glichkeit zur Eingabe pers\u00f6nlicher oder gesch\u00e4ftlicher Daten (z.B. Emailadressen, Namen, Anschriften) besteht, so werden diese Daten ausschlie\u00dflich im Rahmen der Kontaktaufnahme oder f\u00fcr R\u00fcckfragen verwendet. Au\u00dferdem werden alle Anfragen oder Kommentare grunds\u00e4tzlich diskret und vertraulich behandelt.<br \/>\nDie Daten\u00fcbertragung im Internet birgt (noch) Risiken. Verwenden Sie bei der \u00dcbersendung vertraulicher Informationen ein Verschl\u00fcsselungsprogramm wie z. B. PGP. <\/p>\n                            <\/span>\n\t\t\t\t\t\t<\/div>\n\t\t\t\t\t<\/div>\n\t\t\t\t\t\t\t\t\t\t<\/div>\n<\/div>\n\n\n\n<div id=\"content-block_bbd2cdbc77560c4d14fb9b263985c011\" class=\"row panel section-margin-bottom block-content aligntrue\">\n\t<div class=\"col-xs-12 col-md-4\">\n\t\t\t\t<p class=\"\">Rechtswirksamkeit<\/p>\n\t\t\t<\/div>\n\t<div class=\"col-xs-12 col-md-8\">\n\t\t\t\t\t\t\t\t\t\t\t\t\t\t\t\t\t\t<div class=\"row\">\n\t\t\t\t\t\t<div class=\"col-xs-12 col-md-11\">\n\t\t\t\t\t\t\t<span class=\"default\">\n                                \n\t\t\t\t\t\t\t<p>Die vorstehenden Klauseln sind als Teil des Internetangebotes zu betrachten, von dem aus auf diese Seite verwiesen wurde. Sofern Teile oder einzelne Formulierungen dieses Textes der geltenden Rechtslage nicht, nicht mehr oder nicht vollst\u00e4ndig entsprechen sollten, bleiben die \u00fcbrigen Teile des Dokumentes in ihrem Inhalt und ihrer G\u00fcltigkeit davon unber\u00fchrt.\u00a0<\/p>\n                            <\/span>\n\t\t\t\t\t\t<\/div>\n\t\t\t\t\t<\/div>\n\t\t\t\t\t\t\t\t\t\t<\/div>\n<\/div>\n\n\n\n<div id=\"content-block_e12ff02b81b328e3681a1dd5efec25d9\" class=\"row panel section-margin-bottom block-content aligntrue\">\n\t<div class=\"col-xs-12 col-md-4\">\n\t\t\t\t<p class=\"\">Bilder &#038; Grafiken <\/p>\n\t\t\t<\/div>\n\t<div class=\"col-xs-12 col-md-8\">\n\t\t\t\t\t\t\t\t\t\t\t\t\t\t\t\t\t\t<div class=\"row\">\n\t\t\t\t\t\t<div class=\"col-xs-12 col-md-11\">\n\t\t\t\t\t\t\t<span class=\"default\">\n                                \n\t\t\t\t\t\t\t<p>Die Nachweise der einzelnen Bilder k\u00f6nnen Sie jeweils den Team Credits am Ende einer Projektdetailseite entnehmen.<\/p>\n                            <\/span>\n\t\t\t\t\t\t<\/div>\n\t\t\t\t\t<\/div>\n\t\t\t\t\t\t\t\t\t\t<\/div>\n<\/div>\n\n\n\n<div id=\"content-block_cc35ea97486db6bbae2b8c8f4abe82d3\" class=\"row panel section-margin-bottom block-content aligntrue\">\n\t<div class=\"col-xs-12 col-md-4\">\n\t\t\t\t<p class=\"\">Text<\/p>\n\t\t\t<\/div>\n\t<div class=\"col-xs-12 col-md-8\">\n\t\t\t\t\t\t\t\t\t\t\t\t\t\t\t\t\t\t<div class=\"row\">\n\t\t\t\t\t\t<div class=\"col-xs-12 col-md-11\">\n\t\t\t\t\t\t\t<span class=\"default\">\n                                \n\t\t\t\t\t\t\t<p>DE: Mark-Marcel M\u00fcller<br \/>\nEN: Emily McDonnell<\/p>\n                            <\/span>\n\t\t\t\t\t\t<\/div>\n\t\t\t\t\t<\/div>\n\t\t\t\t\t\t\t\t\t\t<\/div>\n<\/div>\n","protected":false},"excerpt":{"rendered":"","protected":false},"author":1,"featured_media":0,"parent":0,"menu_order":0,"comment_status":"closed","ping_status":"closed","template":"","meta":[],"acf":[],"yoast_head":"<!-- This site is optimized with the Yoast SEO plugin v20.13 - https:\/\/yoast.com\/wordpress\/plugins\/seo\/ -->\n<title>Impressum - studioveh<\/title>\n<meta name=\"robots\" content=\"index, follow, max-snippet:-1, max-image-preview:large, max-video-preview:-1\" \/>\n<link rel=\"canonical\" href=\"https:\/\/studioveh.com\/de\/imprint\/\" \/>\n<meta property=\"og:locale\" content=\"de_DE\" \/>\n<meta property=\"og:type\" content=\"article\" \/>\n<meta property=\"og:title\" content=\"Impressum - studioveh\" \/>\n<meta property=\"og:url\" content=\"https:\/\/studioveh.com\/de\/imprint\/\" \/>\n<meta property=\"og:site_name\" content=\"studioveh\" \/>\n<meta property=\"article:modified_time\" content=\"2024-05-06T13:28:00+00:00\" \/>\n<meta name=\"twitter:card\" content=\"summary_large_image\" \/>\n<script type=\"application\/ld+json\" class=\"yoast-schema-graph\">{\"@context\":\"https:\/\/schema.org\",\"@graph\":[{\"@type\":\"WebPage\",\"@id\":\"https:\/\/studioveh.com\/de\/imprint\/\",\"url\":\"https:\/\/studioveh.com\/de\/imprint\/\",\"name\":\"Impressum - studioveh\",\"isPartOf\":{\"@id\":\"https:\/\/studioveh.com\/#website\"},\"datePublished\":\"2020-09-01T12:52:58+00:00\",\"dateModified\":\"2024-05-06T13:28:00+00:00\",\"breadcrumb\":{\"@id\":\"https:\/\/studioveh.com\/de\/imprint\/#breadcrumb\"},\"inLanguage\":\"de\",\"potentialAction\":[{\"@type\":\"ReadAction\",\"target\":[\"https:\/\/studioveh.com\/de\/imprint\/\"]}]},{\"@type\":\"BreadcrumbList\",\"@id\":\"https:\/\/studioveh.com\/de\/imprint\/#breadcrumb\",\"itemListElement\":[{\"@type\":\"ListItem\",\"position\":1,\"name\":\"Home\",\"item\":\"https:\/\/studioveh.com\/de\/\"},{\"@type\":\"ListItem\",\"position\":2,\"name\":\"Impressum\"}]},{\"@type\":\"WebSite\",\"@id\":\"https:\/\/studioveh.com\/#website\",\"url\":\"https:\/\/studioveh.com\/\",\"name\":\"studioveh\",\"description\":\"Studio Veh\",\"publisher\":{\"@id\":\"https:\/\/studioveh.com\/#organization\"},\"potentialAction\":[{\"@type\":\"SearchAction\",\"target\":{\"@type\":\"EntryPoint\",\"urlTemplate\":\"https:\/\/studioveh.com\/?s={search_term_string}\"},\"query-input\":\"required name=search_term_string\"}],\"inLanguage\":\"de\"},{\"@type\":\"Organization\",\"@id\":\"https:\/\/studioveh.com\/#organization\",\"name\":\"studioveh\",\"url\":\"https:\/\/studioveh.com\/\",\"logo\":{\"@type\":\"ImageObject\",\"inLanguage\":\"de\",\"@id\":\"https:\/\/studioveh.com\/#\/schema\/logo\/image\/\",\"url\":\"https:\/\/studioveh.com\/wp-content\/uploads\/2020\/09\/VEH_Logo_FINAL.svg\",\"contentUrl\":\"https:\/\/studioveh.com\/wp-content\/uploads\/2020\/09\/VEH_Logo_FINAL.svg\",\"caption\":\"studioveh\"},\"image\":{\"@id\":\"https:\/\/studioveh.com\/#\/schema\/logo\/image\/\"}}]}<\/script>\n<!-- \/ Yoast SEO plugin. -->","yoast_head_json":{"title":"Impressum - studioveh","robots":{"index":"index","follow":"follow","max-snippet":"max-snippet:-1","max-image-preview":"max-image-preview:large","max-video-preview":"max-video-preview:-1"},"canonical":"https:\/\/studioveh.com\/de\/imprint\/","og_locale":"de_DE","og_type":"article","og_title":"Impressum - studioveh","og_url":"https:\/\/studioveh.com\/de\/imprint\/","og_site_name":"studioveh","article_modified_time":"2024-05-06T13:28:00+00:00","twitter_card":"summary_large_image","schema":{"@context":"https:\/\/schema.org","@graph":[{"@type":"WebPage","@id":"https:\/\/studioveh.com\/de\/imprint\/","url":"https:\/\/studioveh.com\/de\/imprint\/","name":"Impressum - studioveh","isPartOf":{"@id":"https:\/\/studioveh.com\/#website"},"datePublished":"2020-09-01T12:52:58+00:00","dateModified":"2024-05-06T13:28:00+00:00","breadcrumb":{"@id":"https:\/\/studioveh.com\/de\/imprint\/#breadcrumb"},"inLanguage":"de","potentialAction":[{"@type":"ReadAction","target":["https:\/\/studioveh.com\/de\/imprint\/"]}]},{"@type":"BreadcrumbList","@id":"https:\/\/studioveh.com\/de\/imprint\/#breadcrumb","itemListElement":[{"@type":"ListItem","position":1,"name":"Home","item":"https:\/\/studioveh.com\/de\/"},{"@type":"ListItem","position":2,"name":"Impressum"}]},{"@type":"WebSite","@id":"https:\/\/studioveh.com\/#website","url":"https:\/\/studioveh.com\/","name":"studioveh","description":"Studio Veh","publisher":{"@id":"https:\/\/studioveh.com\/#organization"},"potentialAction":[{"@type":"SearchAction","target":{"@type":"EntryPoint","urlTemplate":"https:\/\/studioveh.com\/?s={search_term_string}"},"query-input":"required name=search_term_string"}],"inLanguage":"de"},{"@type":"Organization","@id":"https:\/\/studioveh.com\/#organization","name":"studioveh","url":"https:\/\/studioveh.com\/","logo":{"@type":"ImageObject","inLanguage":"de","@id":"https:\/\/studioveh.com\/#\/schema\/logo\/image\/","url":"https:\/\/studioveh.com\/wp-content\/uploads\/2020\/09\/VEH_Logo_FINAL.svg","contentUrl":"https:\/\/studioveh.com\/wp-content\/uploads\/2020\/09\/VEH_Logo_FINAL.svg","caption":"studioveh"},"image":{"@id":"https:\/\/studioveh.com\/#\/schema\/logo\/image\/"}}]}},"_links":{"self":[{"href":"https:\/\/studioveh.com\/de\/wp-json\/wp\/v2\/pages\/48"}],"collection":[{"href":"https:\/\/studioveh.com\/de\/wp-json\/wp\/v2\/pages"}],"about":[{"href":"https:\/\/studioveh.com\/de\/wp-json\/wp\/v2\/types\/page"}],"author":[{"embeddable":true,"href":"https:\/\/studioveh.com\/de\/wp-json\/wp\/v2\/users\/1"}],"replies":[{"embeddable":true,"href":"https:\/\/studioveh.com\/de\/wp-json\/wp\/v2\/comments?post=48"}],"version-history":[{"count":0,"href":"https:\/\/studioveh.com\/de\/wp-json\/wp\/v2\/pages\/48\/revisions"}],"wp:attachment":[{"href":"https:\/\/studioveh.com\/de\/wp-json\/wp\/v2\/media?parent=48"}],"curies":[{"name":"wp","href":"https:\/\/api.w.org\/{rel}","templated":true}]}}