{"id":47,"date":"2020-09-02T08:21:00","date_gmt":"2020-09-02T08:21:00","guid":{"rendered":"http:\/\/studioveh.test\/jobs\/"},"modified":"2024-05-21T12:12:21","modified_gmt":"2024-05-21T12:12:21","slug":"jobs","status":"publish","type":"page","link":"https:\/\/studioveh.com\/de\/jobs\/","title":{"rendered":"Jobs"},"content":{"rendered":"\n<div id=\"title-block_f485ec8e1158ad8f9c2e7e3e07025aa3\" class=\"row section-margin-bottom \">\n\t<div class=\"col-xs-12 col-md-9\">\n\t\t<h1 class=\"page-title\">Jobs bei Studio Veh<\/h1>\n\t<\/div>\n<\/div>\n\n\n<div id=\"brands-block_fb3d415762090fd634de35248daf8261\" class=\"section row block-brands aligntrue section-margin-bottom\">\n\t\t\t\t\t\t\t\t\t<div class=\"col-xs-12 col-md-8 col-md-offset-4 section-images-only section-margin-bottom-mobile\">\n\t\t\t\t\n\t\t\t\t<img width=\"2560\" height=\"2133\" src=\"https:\/\/studioveh.com\/wp-content\/uploads\/2022\/09\/VEH_Studio-Life_V12-scaled.jpg\" class=\"attachment-full size-full\" alt=\"\" decoding=\"async\" loading=\"lazy\" srcset=\"https:\/\/studioveh.com\/wp-content\/uploads\/2022\/09\/VEH_Studio-Life_V12-scaled.jpg 2560w, https:\/\/studioveh.com\/wp-content\/uploads\/2022\/09\/VEH_Studio-Life_V12-300x250.jpg 300w, https:\/\/studioveh.com\/wp-content\/uploads\/2022\/09\/VEH_Studio-Life_V12-1024x853.jpg 1024w, https:\/\/studioveh.com\/wp-content\/uploads\/2022\/09\/VEH_Studio-Life_V12-768x640.jpg 768w, https:\/\/studioveh.com\/wp-content\/uploads\/2022\/09\/VEH_Studio-Life_V12-1536x1280.jpg 1536w, https:\/\/studioveh.com\/wp-content\/uploads\/2022\/09\/VEH_Studio-Life_V12-2048x1707.jpg 2048w\" sizes=\"(max-width: 2560px) 100vw, 2560px\" \/>\t\t\t\t<h4 class=\"no-underline\"><\/h4>\n\t\t\t\t<h2><\/h2>\n\n\t\t\t\t\n\t\t\t<\/div>\n\t\t\t<\/div>\n\n\n\n<div id=\"content-block_335d27e678a75d21a3c30dc6440d20fb\" class=\"row panel section-margin-bottom block-content jobs aligntrue\">\n\t<div class=\"col-xs-12 col-md-4\">\n\t\t\t\t<p class=\"Normal\">Design Praktikum<\/p>\n\t\t\t<\/div>\n\t<div class=\"col-xs-12 col-md-8\">\n\t\t\t\t\t\t\t\t\t\t\t\t\t\t\t\t\t\t<div class=\"row\">\n\t\t\t\t\t\t<div class=\"col-xs-12 col-md-11\">\n\t\t\t\t\t\t\t<span class=\"default\">\n                                \n\t\t\t\t\t\t\t<p>Studio Veh ist ein multidisziplin\u00e4res Designstudio. Wir lieben gute Gestaltung mit einem starken Konzept und erschaffen so flexible Markenidentit\u00e4ten mit eigenst\u00e4ndigem Charakter und nachhaltigem Wert. Wir arbeiten ausschliesslich f\u00fcr Kunden, an deren Produkt oder Service wir zu 100% glauben, mit deren Werten wir uns identifizieren und mit denen wir deshalb unsere Projekte in engem und pers\u00f6nlichem Austausch f\u00fchren.<br \/>\n<br \/>\nWir suchen f\u00fcr unser Studio in Berlin eine:n kick-ass Designpraktikant:in f\u00fcr 4 Tage\/ Woche (Freitage sind frei).<\/p>\n<p>Du studierst Grafikdesign oder Kommunikationsdesign und m\u00f6chtest Erfahrungen sammeln im Bereich Branding? Dann bist du bei uns genau richtig. Wir suchen jemanden, der uns w\u00e4hrend des gesamten Designprozesses unterst\u00fctzen kann \u2013 von der ersten Idee bis hin zur Produktion des finalen Produkts, sowohl in Print als auch bei digitaler Gestaltung. Wenn du bereits erste Erfahrungen in der Designwelt gesammelt hast: Gro\u00dfartig! Den Rest geben wir on top. Das bezahlte Praktikum in unseren Studio in Berlin dauert ca. f\u00fcnf bis sechs Monate.<\/p>\n<p>Das erwartet dich an Aufgaben:<br \/>\n<br \/>\n_ Ausf\u00fchrung von Visual Identity Konzepten<br \/>\n_ Editorial Design f\u00fcr Flyer, Brosch\u00fcren und Reports<br \/>\n_ Digitales Design f\u00fcr Websites und Apps<br \/>\n_ Aufsetzen von Gestaltungsrichtlinien<br \/>\n_ Recherche f\u00fcr Moldboards und Pr\u00e4sentationen<\/p>\n<p><\/p>\n<p>Zu Beginn des Praktikums kann du dich in allen Bereichen ausprobieren. In der zweiten H\u00e4lfte des Praktikums erh\u00e4ltst du dein eigenes Projekt, basierend auf dem Fokus, den du w\u00e4hlst.<\/p>\n<p>Das solltest du mitbringen:<\/p>\n<p>_ Du studierst Grafikdesign, Kommunikationsdesign o.\u00c4.<br \/>\n> Bitte beachte: Du musst f\u00fcr die Dauer des Praktikums an einer lehrenden Institution eingeschrieben sein. Leider k\u00f6nnen wir f\u00fcr diese Stelle keine Bewerbungen von Personen akzeptieren, die nicht eingeschrieben sind.<br \/>\n_ Du besitzt sehr gute Kenntnisse in Adobe CC<br \/>\n_ Du hast ein gutes Auge f\u00fcr Details und Microtypgrafie<br \/>\n_ Du besitzt ein sehr gutes Zeitmanagement<br \/>\n_ Du f\u00fchlst dich wohl damit, Ideen und Feedback vor dem Team zu pr\u00e4sentieren<br \/>\n_ Du f\u00fchlst dich firm, eigene Entscheidungen zu treffen<br \/>\n_ Du lernst gerne neue Dinge und stellst dich neuen Herausforderungen<br \/>\n_ Du arbeitest gerne im Team, kannst deine Aufgaben aber auch selbst\u00e4ndig erledigen<br \/>\n_ Du sprichst fliessend Englisch (die Teamkommunikation l\u00e4uft komplett auf Englisch)<\/p>\n<p><\/p>\n<p>Folgende Punkte sind ein Plus, keine Voraussetzung:<br \/>\n_ Erste Erfahrungen in Kreativb\u00fcros<br \/>\n_ Grundkenntnisse mit Sketch, Figma oder C4D<br \/>\n_ Erfahrung in Type Design<br \/>\n_ Erfahrung in UX\/UI Design <\/p>\n<p><\/p>\n<p>Wir bieten: <br \/>\n_ Spannende Projekte aus unterschiedlichen Branchen<br \/>\n_ Einen starken Lernprozess in allen Designbereichen<br \/>\n_ Ein herzliches, kleines Team mit flachen Hierarchien, das dich sehr gerne bei deinem Lernprozess unterst\u00fctzt<br \/>\n_ Kreative Freiheit im Designprozess<br \/>\n_ Eine entspannte Arbeitsatmosph\u00e4re<br \/>\n_ Faire Arbeitszeiten (wir sind keine Fans von regelm\u00e4ssigen \u00dcberstunden<br \/>\n_ Das Praktikum ist selbstverst\u00e4ndlich bezahlt<\/p>\n<p>Wir wertsch\u00e4tzen Vielfalt und begr\u00fc\u00dfen daher alle Bewerbungen \u2013 unabh\u00e4ngig von Geschlecht, Nationalit\u00e4t, ethnischer und sozialer Herkunft, Religion\/Weltanschauung, Behinderung, Alter sowie sexueller Orientierung und Identit\u00e4t.<\/p>\n<p>Wenn du dich bewerben m\u00f6chtest, sende uns bitte eine Email inklusive<br \/>\n_ Einem Link zu deinem Portfolio, mit einem Hinweis zu deinem Lieblingsprojekt und warum es das ist<br \/>\n_ Eine kurze Info \u00fcber dich und deine Arbeitserfahrung<br \/>\n_ Dein gew\u00fcnschtes Start- und Enddatum des Praktikums<br \/>\n_ Einen Track, den du auf unsere n\u00e4chste Spotify-Playlist setzen w\u00fcrdest<br \/>\n<br \/>\nWenn du kein Online-Portfolio hast: Schicke uns ein PDF inklusive Lebenslauf mit max. 5 Arbeitsproben und 5MB Gr\u00f6\u00dfe. Gr\u00f6\u00dfere Dateien k\u00f6nnen leider nicht ber\u00fccksichtigt werden.<\/p>\n<p><\/p>\n<p>Die Email-Adresse: <a href=mailto:hello@studioveh.com <\/a>hello@studioveh.com<\/a><br \/>\nBetreff: &#8222;Application Graphic Design Intern&#8220;<\/p>\n<p>Wir freuen uns von dir zu h\u00f6ren!<br \/>\nBitte beachte: Wir versuchen unser Bestes, aber abh\u00e4ngig von der Anzahl an Bewerbungen k\u00f6nnen wir nicht alle Bewerbungen pers\u00f6nlich beantworten.<\/p>\n                            <\/span>\n\t\t\t\t\t\t<\/div>\n\t\t\t\t\t<\/div>\n\t\t\t\t\t\t\t\t\t\t<\/div>\n<\/div>\n\n\n\n<div id=\"content-block_a5fd6811be63932ab2608a0a76dffe83\" class=\"row panel section-margin-bottom block-content jobs aligntrue\">\n\t<div class=\"col-xs-12 col-md-4\">\n\t\t\t\t<p class=\"small-title\">Initiativbewerbung<\/p>\n\t\t\t<\/div>\n\t<div class=\"col-xs-12 col-md-8\">\n\t\t\t\t\t\t\t\t\t\t\t\t\t\t\t\t\t\t<div class=\"row\">\n\t\t\t\t\t\t<div class=\"col-xs-12 col-md-11\">\n\t\t\t\t\t\t\t<span class=\"default\">\n                                \n\t\t\t\t\t\t\t<p>Nicht f\u00fcndig geworden? Wir freuen uns, wenn Du Dich initiativ bei uns bewirbst. <\/p>\n<p>Bitte schicke uns Dein Portfolio als Link oder PDF (max. 5MB) inklusive Gehaltsvorstellung bzw. Tagessatz sowie einem Song f\u00fcr unsere n\u00e4chste Spotify-Playlist per Email mit Betreff (Position \/ Dein Name) an:<\/p>\n<p><a class=\"underline\" href=\"mailto:work@studioveh.com\">work@studioveh.com<\/a><\/p>\n<p>Bitte beachte: Wir versuchen unser Bestes, k\u00f6nnen aber bei hohem Arbeitsaufkommen leider nicht alle Bewerbungen pers\u00f6nlich beantworten.<\/p>\n                            <\/span>\n\t\t\t\t\t\t<\/div>\n\t\t\t\t\t<\/div>\n\t\t\t\t\t\t\t\t\t\t<\/div>\n<\/div>\n","protected":false},"excerpt":{"rendered":"","protected":false},"author":1,"featured_media":0,"parent":0,"menu_order":0,"comment_status":"closed","ping_status":"closed","template":"","meta":[],"acf":[],"yoast_head":"<!-- This site is optimized with the Yoast SEO plugin v20.13 - https:\/\/yoast.com\/wordpress\/plugins\/seo\/ -->\n<title>Jobs - studioveh<\/title>\n<meta name=\"robots\" content=\"index, follow, max-snippet:-1, max-image-preview:large, max-video-preview:-1\" \/>\n<link rel=\"canonical\" href=\"https:\/\/studioveh.com\/de\/jobs\/\" \/>\n<meta property=\"og:locale\" content=\"de_DE\" \/>\n<meta property=\"og:type\" content=\"article\" \/>\n<meta property=\"og:title\" content=\"Jobs - studioveh\" \/>\n<meta property=\"og:url\" content=\"https:\/\/studioveh.com\/de\/jobs\/\" \/>\n<meta property=\"og:site_name\" content=\"studioveh\" \/>\n<meta property=\"article:modified_time\" content=\"2024-05-21T12:12:21+00:00\" \/>\n<meta name=\"twitter:card\" content=\"summary_large_image\" \/>\n<script type=\"application\/ld+json\" class=\"yoast-schema-graph\">{\"@context\":\"https:\/\/schema.org\",\"@graph\":[{\"@type\":\"WebPage\",\"@id\":\"https:\/\/studioveh.com\/de\/jobs\/\",\"url\":\"https:\/\/studioveh.com\/de\/jobs\/\",\"name\":\"Jobs - studioveh\",\"isPartOf\":{\"@id\":\"https:\/\/studioveh.com\/#website\"},\"datePublished\":\"2020-09-02T08:21:00+00:00\",\"dateModified\":\"2024-05-21T12:12:21+00:00\",\"breadcrumb\":{\"@id\":\"https:\/\/studioveh.com\/de\/jobs\/#breadcrumb\"},\"inLanguage\":\"de\",\"potentialAction\":[{\"@type\":\"ReadAction\",\"target\":[\"https:\/\/studioveh.com\/de\/jobs\/\"]}]},{\"@type\":\"BreadcrumbList\",\"@id\":\"https:\/\/studioveh.com\/de\/jobs\/#breadcrumb\",\"itemListElement\":[{\"@type\":\"ListItem\",\"position\":1,\"name\":\"Home\",\"item\":\"https:\/\/studioveh.com\/de\/\"},{\"@type\":\"ListItem\",\"position\":2,\"name\":\"Jobs\"}]},{\"@type\":\"WebSite\",\"@id\":\"https:\/\/studioveh.com\/#website\",\"url\":\"https:\/\/studioveh.com\/\",\"name\":\"studioveh\",\"description\":\"Studio Veh\",\"publisher\":{\"@id\":\"https:\/\/studioveh.com\/#organization\"},\"potentialAction\":[{\"@type\":\"SearchAction\",\"target\":{\"@type\":\"EntryPoint\",\"urlTemplate\":\"https:\/\/studioveh.com\/?s={search_term_string}\"},\"query-input\":\"required name=search_term_string\"}],\"inLanguage\":\"de\"},{\"@type\":\"Organization\",\"@id\":\"https:\/\/studioveh.com\/#organization\",\"name\":\"studioveh\",\"url\":\"https:\/\/studioveh.com\/\",\"logo\":{\"@type\":\"ImageObject\",\"inLanguage\":\"de\",\"@id\":\"https:\/\/studioveh.com\/#\/schema\/logo\/image\/\",\"url\":\"https:\/\/studioveh.com\/wp-content\/uploads\/2020\/09\/VEH_Logo_FINAL.svg\",\"contentUrl\":\"https:\/\/studioveh.com\/wp-content\/uploads\/2020\/09\/VEH_Logo_FINAL.svg\",\"caption\":\"studioveh\"},\"image\":{\"@id\":\"https:\/\/studioveh.com\/#\/schema\/logo\/image\/\"}}]}<\/script>\n<!-- \/ Yoast SEO plugin. -->","yoast_head_json":{"title":"Jobs - studioveh","robots":{"index":"index","follow":"follow","max-snippet":"max-snippet:-1","max-image-preview":"max-image-preview:large","max-video-preview":"max-video-preview:-1"},"canonical":"https:\/\/studioveh.com\/de\/jobs\/","og_locale":"de_DE","og_type":"article","og_title":"Jobs - studioveh","og_url":"https:\/\/studioveh.com\/de\/jobs\/","og_site_name":"studioveh","article_modified_time":"2024-05-21T12:12:21+00:00","twitter_card":"summary_large_image","schema":{"@context":"https:\/\/schema.org","@graph":[{"@type":"WebPage","@id":"https:\/\/studioveh.com\/de\/jobs\/","url":"https:\/\/studioveh.com\/de\/jobs\/","name":"Jobs - studioveh","isPartOf":{"@id":"https:\/\/studioveh.com\/#website"},"datePublished":"2020-09-02T08:21:00+00:00","dateModified":"2024-05-21T12:12:21+00:00","breadcrumb":{"@id":"https:\/\/studioveh.com\/de\/jobs\/#breadcrumb"},"inLanguage":"de","potentialAction":[{"@type":"ReadAction","target":["https:\/\/studioveh.com\/de\/jobs\/"]}]},{"@type":"BreadcrumbList","@id":"https:\/\/studioveh.com\/de\/jobs\/#breadcrumb","itemListElement":[{"@type":"ListItem","position":1,"name":"Home","item":"https:\/\/studioveh.com\/de\/"},{"@type":"ListItem","position":2,"name":"Jobs"}]},{"@type":"WebSite","@id":"https:\/\/studioveh.com\/#website","url":"https:\/\/studioveh.com\/","name":"studioveh","description":"Studio Veh","publisher":{"@id":"https:\/\/studioveh.com\/#organization"},"potentialAction":[{"@type":"SearchAction","target":{"@type":"EntryPoint","urlTemplate":"https:\/\/studioveh.com\/?s={search_term_string}"},"query-input":"required name=search_term_string"}],"inLanguage":"de"},{"@type":"Organization","@id":"https:\/\/studioveh.com\/#organization","name":"studioveh","url":"https:\/\/studioveh.com\/","logo":{"@type":"ImageObject","inLanguage":"de","@id":"https:\/\/studioveh.com\/#\/schema\/logo\/image\/","url":"https:\/\/studioveh.com\/wp-content\/uploads\/2020\/09\/VEH_Logo_FINAL.svg","contentUrl":"https:\/\/studioveh.com\/wp-content\/uploads\/2020\/09\/VEH_Logo_FINAL.svg","caption":"studioveh"},"image":{"@id":"https:\/\/studioveh.com\/#\/schema\/logo\/image\/"}}]}},"_links":{"self":[{"href":"https:\/\/studioveh.com\/de\/wp-json\/wp\/v2\/pages\/47"}],"collection":[{"href":"https:\/\/studioveh.com\/de\/wp-json\/wp\/v2\/pages"}],"about":[{"href":"https:\/\/studioveh.com\/de\/wp-json\/wp\/v2\/types\/page"}],"author":[{"embeddable":true,"href":"https:\/\/studioveh.com\/de\/wp-json\/wp\/v2\/users\/1"}],"replies":[{"embeddable":true,"href":"https:\/\/studioveh.com\/de\/wp-json\/wp\/v2\/comments?post=47"}],"version-history":[{"count":0,"href":"https:\/\/studioveh.com\/de\/wp-json\/wp\/v2\/pages\/47\/revisions"}],"wp:attachment":[{"href":"https:\/\/studioveh.com\/de\/wp-json\/wp\/v2\/media?parent=47"}],"curies":[{"name":"wp","href":"https:\/\/api.w.org\/{rel}","templated":true}]}}