{"id":453,"date":"2020-12-15T15:19:04","date_gmt":"2020-12-15T15:19:04","guid":{"rendered":"http:\/\/studioveh.test\/info\/"},"modified":"2023-05-26T11:57:07","modified_gmt":"2023-05-26T11:57:07","slug":"info","status":"publish","type":"page","link":"https:\/\/studioveh.com\/de\/info\/","title":{"rendered":"Info"},"content":{"rendered":"\n\n<div id=\"quote-block_72d8f611d10039e3fe9cba2779db2d9d\" class=\"row block-quote aligntrue\">\n\t<div class=\"col-xs-12 col-md-11\">\n\t\t\t\t<h1 class=\"page-title\">Wir glauben, dass inspirierte K\u00f6pfe, enge Zusammenarbeit und gegenseitiger Respekt zu hervorragenden Marken mit nachhaltigem Gesch\u00e4ftserfolg f\u00fchren.<\/h1>\n\t\t\t<\/div>\n\t\n<\/div>\n\n\n<div id=\"content-block_693fe31190ccf583ce9482a09366580b\" class=\"row panel section-margin-bottom block-content aligntrue\">\n\t<div class=\"col-xs-12 col-md-4\">\n\t\t\t<\/div>\n\t<div class=\"col-xs-12 col-md-8\">\n\t\t\t\t\t\t\t\t\t\t\t\t\t\t\t\t\t\t<div class=\"row\">\n\t\t\t\t\t\t<div class=\"col-xs-12 col-md-11\">\n\t\t\t\t\t\t\t<span class=\"default\">\n                                \n\t\t\t\t\t\t\t<p>Studio VEH verf\u00fcgt \u00fcber mehr als ein Jahrzehnt Erfahrung in der Anwendung bew\u00e4hrter Markenstrategien und Design zur L\u00f6sung dringender Gesch\u00e4ftsprobleme. Unter der Leitung von Gr\u00fcnderin Franziska Veh schafft das Team flexible Markenidentit\u00e4ten von nachhaltigem Wert.<\/p>\n<p>Studio VEH kann alles entwickeln, um Ihr Unternehmen auf die n\u00e4chste Stufe zu heben und Ihre Marke in eine neue Richtung zu lenken.<\/p>\n                            <\/span>\n\t\t\t\t\t\t<\/div>\n\t\t\t\t\t<\/div>\n\t\t\t\t\t\t\t\t\t\t<\/div>\n<\/div>\n\n\n\n\n<div id=\"team-block_3376d0611b88a1eb62dc1a003ac19730\" class=\"row team-content aligntrue section-margin-bottom\">\n\t<div class=\"col-xs-12 col-md-4\">\n\t\t\t\t\t            <p class=\"page-title\">Team<\/p>\n\t\t\t<\/div>\n\t<div class=\"col-xs-12 col-md-8\">\n\t\t<div class=\"row\">\n\t\t\t\t\t\t\t\t\t\t\t<div class=\"team-member col-xs-12 col-md-6\">\n\t\t\t\t\t<img width=\"1387\" height=\"1387\" src=\"https:\/\/studioveh.com\/wp-content\/uploads\/2021\/05\/daniel-faro_studio-veh_franziska_square.jpg\" class=\"attachment-full size-full\" alt=\"\" decoding=\"async\" loading=\"lazy\" srcset=\"https:\/\/studioveh.com\/wp-content\/uploads\/2021\/05\/daniel-faro_studio-veh_franziska_square.jpg 1387w, https:\/\/studioveh.com\/wp-content\/uploads\/2021\/05\/daniel-faro_studio-veh_franziska_square-300x300.jpg 300w, https:\/\/studioveh.com\/wp-content\/uploads\/2021\/05\/daniel-faro_studio-veh_franziska_square-1024x1024.jpg 1024w, https:\/\/studioveh.com\/wp-content\/uploads\/2021\/05\/daniel-faro_studio-veh_franziska_square-150x150.jpg 150w, https:\/\/studioveh.com\/wp-content\/uploads\/2021\/05\/daniel-faro_studio-veh_franziska_square-768x768.jpg 768w\" sizes=\"(max-width: 1387px) 100vw, 1387px\" \/><h2>Franziska Veh<\/h2><h4>Creative Direction<\/h4>\t\t\t\t<\/div>\n\t\t\t\t\t\t\t\t\t\t\t<div class=\"team-member col-xs-12 col-md-6\">\n\t\t\t\t\t<img width=\"1387\" height=\"1387\" src=\"https:\/\/studioveh.com\/wp-content\/uploads\/2021\/05\/daniel-faro_studio-veh_lind_hell_square.jpg\" class=\"attachment-full size-full\" alt=\"\" decoding=\"async\" loading=\"lazy\" srcset=\"https:\/\/studioveh.com\/wp-content\/uploads\/2021\/05\/daniel-faro_studio-veh_lind_hell_square.jpg 1387w, https:\/\/studioveh.com\/wp-content\/uploads\/2021\/05\/daniel-faro_studio-veh_lind_hell_square-300x300.jpg 300w, https:\/\/studioveh.com\/wp-content\/uploads\/2021\/05\/daniel-faro_studio-veh_lind_hell_square-1024x1024.jpg 1024w, https:\/\/studioveh.com\/wp-content\/uploads\/2021\/05\/daniel-faro_studio-veh_lind_hell_square-150x150.jpg 150w, https:\/\/studioveh.com\/wp-content\/uploads\/2021\/05\/daniel-faro_studio-veh_lind_hell_square-768x768.jpg 768w\" sizes=\"(max-width: 1387px) 100vw, 1387px\" \/><h2>Lind Haugaard<\/h2><h4>Art Direction<\/h4>\t\t\t\t\t\t<div class=\"caption\"><\/div>\n\t\t\t\t\t\t\t\t\t<\/div>\n\t\t\t\t\t\t\t\t\t\t\t<div class=\"team-member col-xs-12 col-md-6\">\n\t\t\t\t\t<img width=\"1387\" height=\"1387\" src=\"https:\/\/studioveh.com\/wp-content\/uploads\/2021\/05\/daniel-faro_studio-veh_rob_square.jpg\" class=\"attachment-full size-full\" alt=\"\" decoding=\"async\" loading=\"lazy\" srcset=\"https:\/\/studioveh.com\/wp-content\/uploads\/2021\/05\/daniel-faro_studio-veh_rob_square.jpg 1387w, https:\/\/studioveh.com\/wp-content\/uploads\/2021\/05\/daniel-faro_studio-veh_rob_square-300x300.jpg 300w, https:\/\/studioveh.com\/wp-content\/uploads\/2021\/05\/daniel-faro_studio-veh_rob_square-1024x1024.jpg 1024w, https:\/\/studioveh.com\/wp-content\/uploads\/2021\/05\/daniel-faro_studio-veh_rob_square-150x150.jpg 150w, https:\/\/studioveh.com\/wp-content\/uploads\/2021\/05\/daniel-faro_studio-veh_rob_square-768x768.jpg 768w\" sizes=\"(max-width: 1387px) 100vw, 1387px\" \/><h2>Robert Siuda<\/h2><h4>Freelance UX<\/h4>\t\t\t\t<\/div>\n\t\t\t\t\t\t\t\t\t\t\t<div class=\"team-member col-xs-12 col-md-6\">\n\t\t\t\t\t<img width=\"1387\" height=\"1387\" src=\"https:\/\/studioveh.com\/wp-content\/uploads\/2021\/05\/daniel-faro_studio-veh_mark_square.jpg\" class=\"attachment-full size-full\" alt=\"\" decoding=\"async\" loading=\"lazy\" srcset=\"https:\/\/studioveh.com\/wp-content\/uploads\/2021\/05\/daniel-faro_studio-veh_mark_square.jpg 1387w, https:\/\/studioveh.com\/wp-content\/uploads\/2021\/05\/daniel-faro_studio-veh_mark_square-300x300.jpg 300w, https:\/\/studioveh.com\/wp-content\/uploads\/2021\/05\/daniel-faro_studio-veh_mark_square-1024x1024.jpg 1024w, https:\/\/studioveh.com\/wp-content\/uploads\/2021\/05\/daniel-faro_studio-veh_mark_square-150x150.jpg 150w, https:\/\/studioveh.com\/wp-content\/uploads\/2021\/05\/daniel-faro_studio-veh_mark_square-768x768.jpg 768w\" sizes=\"(max-width: 1387px) 100vw, 1387px\" \/><h2>Mark-Marcel M\u00fcller<\/h2><h4>Freelance Text<\/h4>\t\t\t\t<\/div>\n\t\t\t\t\t\t\t\t\t\t\t<div class=\"team-member col-xs-12 col-md-6\">\n\t\t\t\t\t<img width=\"1667\" height=\"1667\" src=\"https:\/\/studioveh.com\/wp-content\/uploads\/2021\/05\/daniel-faro_studio-veh_7S0A6250-Edit_lowres_square.jpg\" class=\"attachment-full size-full\" alt=\"\" decoding=\"async\" loading=\"lazy\" srcset=\"https:\/\/studioveh.com\/wp-content\/uploads\/2021\/05\/daniel-faro_studio-veh_7S0A6250-Edit_lowres_square.jpg 1667w, https:\/\/studioveh.com\/wp-content\/uploads\/2021\/05\/daniel-faro_studio-veh_7S0A6250-Edit_lowres_square-300x300.jpg 300w, https:\/\/studioveh.com\/wp-content\/uploads\/2021\/05\/daniel-faro_studio-veh_7S0A6250-Edit_lowres_square-1024x1024.jpg 1024w, https:\/\/studioveh.com\/wp-content\/uploads\/2021\/05\/daniel-faro_studio-veh_7S0A6250-Edit_lowres_square-150x150.jpg 150w, https:\/\/studioveh.com\/wp-content\/uploads\/2021\/05\/daniel-faro_studio-veh_7S0A6250-Edit_lowres_square-768x768.jpg 768w, https:\/\/studioveh.com\/wp-content\/uploads\/2021\/05\/daniel-faro_studio-veh_7S0A6250-Edit_lowres_square-1536x1536.jpg 1536w\" sizes=\"(max-width: 1667px) 100vw, 1667px\" \/><h2>Elda Broglio<\/h2><h4>Freelance Illustration<\/h4>\t\t\t\t<\/div>\n\t\t\t\t\t\t\t\t\t\t\t<div class=\"team-member col-xs-12 col-md-6\">\n\t\t\t\t\t<img width=\"1387\" height=\"1387\" src=\"https:\/\/studioveh.com\/wp-content\/uploads\/2021\/05\/daniel-faro_studio-veh_tobi_square.jpg\" class=\"attachment-full size-full\" alt=\"\" decoding=\"async\" loading=\"lazy\" srcset=\"https:\/\/studioveh.com\/wp-content\/uploads\/2021\/05\/daniel-faro_studio-veh_tobi_square.jpg 1387w, https:\/\/studioveh.com\/wp-content\/uploads\/2021\/05\/daniel-faro_studio-veh_tobi_square-300x300.jpg 300w, https:\/\/studioveh.com\/wp-content\/uploads\/2021\/05\/daniel-faro_studio-veh_tobi_square-1024x1024.jpg 1024w, https:\/\/studioveh.com\/wp-content\/uploads\/2021\/05\/daniel-faro_studio-veh_tobi_square-150x150.jpg 150w, https:\/\/studioveh.com\/wp-content\/uploads\/2021\/05\/daniel-faro_studio-veh_tobi_square-768x768.jpg 768w\" sizes=\"(max-width: 1387px) 100vw, 1387px\" \/><h2>Tobias Rechsteiner<\/h2><h4>Freelance Typedesign<\/h4>\t\t\t\t<\/div>\n\t\t\t\t\t\t\t\t\t\t\t<div class=\"team-member col-xs-12 col-md-6\">\n\t\t\t\t\t<img width=\"1387\" height=\"1387\" src=\"https:\/\/studioveh.com\/wp-content\/uploads\/2021\/05\/daniel-faro_studio-veh_flor_square.jpg\" class=\"attachment-full size-full\" alt=\"\" decoding=\"async\" loading=\"lazy\" srcset=\"https:\/\/studioveh.com\/wp-content\/uploads\/2021\/05\/daniel-faro_studio-veh_flor_square.jpg 1387w, https:\/\/studioveh.com\/wp-content\/uploads\/2021\/05\/daniel-faro_studio-veh_flor_square-300x300.jpg 300w, https:\/\/studioveh.com\/wp-content\/uploads\/2021\/05\/daniel-faro_studio-veh_flor_square-1024x1024.jpg 1024w, https:\/\/studioveh.com\/wp-content\/uploads\/2021\/05\/daniel-faro_studio-veh_flor_square-150x150.jpg 150w, https:\/\/studioveh.com\/wp-content\/uploads\/2021\/05\/daniel-faro_studio-veh_flor_square-768x768.jpg 768w\" sizes=\"(max-width: 1387px) 100vw, 1387px\" \/><h2>Flor Vilardebo<\/h2><h4>Freelance Motion Design<\/h4>\t\t\t\t<\/div>\n\t\t\t\t\t\t\t\t\t\t\t<div class=\"team-member col-xs-12 col-md-6\">\n\t\t\t\t\t<img width=\"400\" height=\"400\" src=\"https:\/\/studioveh.com\/wp-content\/uploads\/2021\/05\/square_blue_placeholder_jobs.jpg\" class=\"attachment-full size-full\" alt=\"\" decoding=\"async\" loading=\"lazy\" srcset=\"https:\/\/studioveh.com\/wp-content\/uploads\/2021\/05\/square_blue_placeholder_jobs.jpg 400w, https:\/\/studioveh.com\/wp-content\/uploads\/2021\/05\/square_blue_placeholder_jobs-300x300.jpg 300w, https:\/\/studioveh.com\/wp-content\/uploads\/2021\/05\/square_blue_placeholder_jobs-150x150.jpg 150w\" sizes=\"(max-width: 400px) 100vw, 400px\" \/><h2>Lust mit uns zu arbeiten?<\/h2><h4>Jobs <a class=\"underline\" href=\"https:\/\/studioveh.com\/de\/jobs\/\">hier<\/a> entlang!<\/h4>\t\t\t\t<\/div>\n\t\t\t\t\t<\/div>\n\t<\/div>\n<\/div>\n\n\n<div id=\"service-block_31ec98332a4cb058f60ea0ef79d6103f\" class=\"row service section-margin-bottom block-services aligntrue\">\n\t<div class=\"col-xs-12 col-md-4\">\n\t\t\t\t<p class=\"page-title\">Services<\/p>\n\t\t        \n\t<\/div>\n\t<div class=\"col-xs-12 col-md-8\">\n    \t<p class=\"intro\">Studio Veh ist spezialisiert auf Markenstrategie, Design und Markenkommunikation. Das Studio produziert zusammen mit seinem festen Team und freien Mitarbeitenden ganzheitliche Identit\u00e4ten, die Marken mit langfristigen strategischen Konzepten und visuellen Richtlinien bereichern.<\/p>\n        \n         <!-- ACCORDION -->\n        <div class=\"accordion\">\n\n\t\t\t            \n            <!-- ACCORDION ITEM -->\n            <div class=\"accordion_item \">\n                \n                <!-- ACCORDION HEADER -->\n                <div class=\"accordion_header \">\n                    <h1 class=\"page-title\">\n                        <div class=\"rectangle\"> \n                            <a class=\"rectangle-icon\"> <span class=\"left-bar\"><\/span><span class=\"right-bar\"><\/span><\/a>\n                        <\/div> \n                        <div class=\"headline underline\"> Markenstrategie<\/div> \n                    <\/h1>\n                <\/div>\n                <!-- end accordion_HEADER -->\n               \n                <!-- ACCORDION BODY -->\n                <div class=\"accordion_body\">\n                    <p class=\"copy\">Markenworkshops<br \/>\r\nMarkenpositionierung<br \/>\r\nMarkenarchitektur<br \/>\r\nMarkennarrativ<br \/>\r\nVerbale Identit\u00e4t<br \/>\r\nNaming<br \/>\r\nClaimentwicklung<br \/>\r\nProduktentwicklung<\/p>\n                <\/div>\n                <!-- end accordion_BODY -->\n\n             <\/div><!-- end accordion__ITEM--> \t\n                        \n            <!-- ACCORDION ITEM -->\n            <div class=\"accordion_item \">\n                \n                <!-- ACCORDION HEADER -->\n                <div class=\"accordion_header \">\n                    <h1 class=\"page-title\">\n                        <div class=\"rectangle\"> \n                            <a class=\"rectangle-icon\"> <span class=\"left-bar\"><\/span><span class=\"right-bar\"><\/span><\/a>\n                        <\/div> \n                        <div class=\"headline underline\"> Design<\/div> \n                    <\/h1>\n                <\/div>\n                <!-- end accordion_HEADER -->\n               \n                <!-- ACCORDION BODY -->\n                <div class=\"accordion_body\">\n                    <p class=\"copy\">Visuelle Identit\u00e4t<br \/>\r\nUX\/UI<br \/>\r\nPrintmedien<br \/>\r\nVerpackung<br \/>\r\nMarkenrichtlinien<br \/>\r\n<\/p>\n                <\/div>\n                <!-- end accordion_BODY -->\n\n             <\/div><!-- end accordion__ITEM--> \t\n                        \n            <!-- ACCORDION ITEM -->\n            <div class=\"accordion_item \">\n                \n                <!-- ACCORDION HEADER -->\n                <div class=\"accordion_header \">\n                    <h1 class=\"page-title\">\n                        <div class=\"rectangle\"> \n                            <a class=\"rectangle-icon\"> <span class=\"left-bar\"><\/span><span class=\"right-bar\"><\/span><\/a>\n                        <\/div> \n                        <div class=\"headline underline\"> Markenkommunikation<\/div> \n                    <\/h1>\n                <\/div>\n                <!-- end accordion_HEADER -->\n               \n                <!-- ACCORDION BODY -->\n                <div class=\"accordion_body\">\n                    <p class=\"copy\">Textproduktion<br \/>\r\nRichtlinienimplementierung<br \/>\r\nMarkenkultur<br \/>\r\nSocial Media Inhalte<br \/>\r\nMitarbeitercoaching<br \/>\r\n<\/p>\n                <\/div>\n                <!-- end accordion_BODY -->\n\n             <\/div><!-- end accordion__ITEM--> \t\n                    \t\n        <\/div><!-- end accordion --> \t\n        \n\t<\/div>\n<\/div>\n\n\n<div id=\"content-block_ca9349eb309ee95583da8e2596318d7d\" class=\"row panel section-margin-bottom block-content aligntrue\">\n\t<div class=\"col-xs-12 col-md-4\">\n\t\t\t\t<p class=\"page-title\">Kunden<br \/>\r\n&#038; Projekte<\/p>\n\t\t\t<\/div>\n\t<div class=\"col-xs-12 col-md-8\">\n\t\t\t\t\t\t\t\t\t\t\t\t\t\t\t\t\t\t<div class=\"row\">\n\t\t\t\t\t\t<div class=\"col-xs-12 col-md-11\">\n\t\t\t\t\t\t\t<span class=\"default\">\n                                \n\t\t\t\t\t\t\t<p>ACON . BMWi . Cavalry . CodeControl . CYCLA . Daimler . DB OneSource . DoubleDigit Group . DRV . eBay . ERGO Digital . Eventim . Fitogram \/ Urban Sports Group . G=TE . Goldmedia . Google . Grow . HRtbeat . IC Campus . IMATEQ . Jung &#038; Jung Verlag . Klickrent . Kugel und Niere . Lena Schleweis . Lotos Yoga Berlin . Lufthansa . Mapegy . Metro AG . MovingLayers . Munich Grooming . NOEO . Numen . Paua Ventures . Repositax . S-Bahn Berlin Brandenburg . Sabatchi . Schneekoppe . share . Suite.030 . Symbiosol . Vehiculum . Vogel Communications Group . Voland &#038; Quist Verlag . Von Rundstedt . Vossloh Rolling Stock . WLB Esslingen . ZDF \/ TerraX<\/p>\n                            <\/span>\n\t\t\t\t\t\t<\/div>\n\t\t\t\t\t<\/div>\n\t\t\t\t\t\t\t\t\t\t<\/div>\n<\/div>\n\n\n\n\n<div id=\"quote-block_e1d26149298a5c745932b0c3d952ebbb\" class=\"row block-quote aligntrue\">\n\t<div class=\"col-xs-12 col-md-11\">\n\t\t\t\t<h1 class=\"page-title\">Interesse mit uns<br \/>\r\nzu arbeiten? <a href=\"mailto:hello@studioveh.com\" class=\"underline\">Kontaktieren Sie uns<\/a><\/h1>\n\t\t\t<\/div>\n\t\n<\/div>","protected":false},"excerpt":{"rendered":"","protected":false},"author":6,"featured_media":0,"parent":0,"menu_order":0,"comment_status":"closed","ping_status":"closed","template":"","meta":[],"acf":[],"yoast_head":"<!-- This site is optimized with the Yoast SEO plugin v20.13 - https:\/\/yoast.com\/wordpress\/plugins\/seo\/ -->\n<title>Info - studioveh<\/title>\n<meta name=\"robots\" content=\"index, follow, max-snippet:-1, max-image-preview:large, max-video-preview:-1\" \/>\n<link rel=\"canonical\" href=\"https:\/\/studioveh.com\/info\/\" \/>\n<meta property=\"og:locale\" content=\"de_DE\" \/>\n<meta property=\"og:type\" content=\"article\" \/>\n<meta property=\"og:title\" content=\"Info - studioveh\" \/>\n<meta property=\"og:url\" content=\"https:\/\/studioveh.com\/info\/\" \/>\n<meta property=\"og:site_name\" content=\"studioveh\" \/>\n<meta property=\"article:modified_time\" content=\"2023-05-26T11:57:07+00:00\" \/>\n<meta name=\"twitter:card\" content=\"summary_large_image\" \/>\n<script type=\"application\/ld+json\" class=\"yoast-schema-graph\">{\"@context\":\"https:\/\/schema.org\",\"@graph\":[{\"@type\":\"WebPage\",\"@id\":\"https:\/\/studioveh.com\/info\/\",\"url\":\"https:\/\/studioveh.com\/info\/\",\"name\":\"Info - studioveh\",\"isPartOf\":{\"@id\":\"https:\/\/studioveh.com\/#website\"},\"datePublished\":\"2020-12-15T15:19:04+00:00\",\"dateModified\":\"2023-05-26T11:57:07+00:00\",\"breadcrumb\":{\"@id\":\"https:\/\/studioveh.com\/info\/#breadcrumb\"},\"inLanguage\":\"de\",\"potentialAction\":[{\"@type\":\"ReadAction\",\"target\":[\"https:\/\/studioveh.com\/info\/\"]}]},{\"@type\":\"BreadcrumbList\",\"@id\":\"https:\/\/studioveh.com\/info\/#breadcrumb\",\"itemListElement\":[{\"@type\":\"ListItem\",\"position\":1,\"name\":\"Home\",\"item\":\"https:\/\/studioveh.com\/de\/\"},{\"@type\":\"ListItem\",\"position\":2,\"name\":\"Info\"}]},{\"@type\":\"WebSite\",\"@id\":\"https:\/\/studioveh.com\/#website\",\"url\":\"https:\/\/studioveh.com\/\",\"name\":\"studioveh\",\"description\":\"Studio Veh\",\"publisher\":{\"@id\":\"https:\/\/studioveh.com\/#organization\"},\"potentialAction\":[{\"@type\":\"SearchAction\",\"target\":{\"@type\":\"EntryPoint\",\"urlTemplate\":\"https:\/\/studioveh.com\/?s={search_term_string}\"},\"query-input\":\"required name=search_term_string\"}],\"inLanguage\":\"de\"},{\"@type\":\"Organization\",\"@id\":\"https:\/\/studioveh.com\/#organization\",\"name\":\"studioveh\",\"url\":\"https:\/\/studioveh.com\/\",\"logo\":{\"@type\":\"ImageObject\",\"inLanguage\":\"de\",\"@id\":\"https:\/\/studioveh.com\/#\/schema\/logo\/image\/\",\"url\":\"https:\/\/studioveh.com\/wp-content\/uploads\/2020\/09\/VEH_Logo_FINAL.svg\",\"contentUrl\":\"https:\/\/studioveh.com\/wp-content\/uploads\/2020\/09\/VEH_Logo_FINAL.svg\",\"caption\":\"studioveh\"},\"image\":{\"@id\":\"https:\/\/studioveh.com\/#\/schema\/logo\/image\/\"}}]}<\/script>\n<!-- \/ Yoast SEO plugin. -->","yoast_head_json":{"title":"Info - studioveh","robots":{"index":"index","follow":"follow","max-snippet":"max-snippet:-1","max-image-preview":"max-image-preview:large","max-video-preview":"max-video-preview:-1"},"canonical":"https:\/\/studioveh.com\/info\/","og_locale":"de_DE","og_type":"article","og_title":"Info - studioveh","og_url":"https:\/\/studioveh.com\/info\/","og_site_name":"studioveh","article_modified_time":"2023-05-26T11:57:07+00:00","twitter_card":"summary_large_image","schema":{"@context":"https:\/\/schema.org","@graph":[{"@type":"WebPage","@id":"https:\/\/studioveh.com\/info\/","url":"https:\/\/studioveh.com\/info\/","name":"Info - studioveh","isPartOf":{"@id":"https:\/\/studioveh.com\/#website"},"datePublished":"2020-12-15T15:19:04+00:00","dateModified":"2023-05-26T11:57:07+00:00","breadcrumb":{"@id":"https:\/\/studioveh.com\/info\/#breadcrumb"},"inLanguage":"de","potentialAction":[{"@type":"ReadAction","target":["https:\/\/studioveh.com\/info\/"]}]},{"@type":"BreadcrumbList","@id":"https:\/\/studioveh.com\/info\/#breadcrumb","itemListElement":[{"@type":"ListItem","position":1,"name":"Home","item":"https:\/\/studioveh.com\/de\/"},{"@type":"ListItem","position":2,"name":"Info"}]},{"@type":"WebSite","@id":"https:\/\/studioveh.com\/#website","url":"https:\/\/studioveh.com\/","name":"studioveh","description":"Studio Veh","publisher":{"@id":"https:\/\/studioveh.com\/#organization"},"potentialAction":[{"@type":"SearchAction","target":{"@type":"EntryPoint","urlTemplate":"https:\/\/studioveh.com\/?s={search_term_string}"},"query-input":"required name=search_term_string"}],"inLanguage":"de"},{"@type":"Organization","@id":"https:\/\/studioveh.com\/#organization","name":"studioveh","url":"https:\/\/studioveh.com\/","logo":{"@type":"ImageObject","inLanguage":"de","@id":"https:\/\/studioveh.com\/#\/schema\/logo\/image\/","url":"https:\/\/studioveh.com\/wp-content\/uploads\/2020\/09\/VEH_Logo_FINAL.svg","contentUrl":"https:\/\/studioveh.com\/wp-content\/uploads\/2020\/09\/VEH_Logo_FINAL.svg","caption":"studioveh"},"image":{"@id":"https:\/\/studioveh.com\/#\/schema\/logo\/image\/"}}]}},"_links":{"self":[{"href":"https:\/\/studioveh.com\/de\/wp-json\/wp\/v2\/pages\/453"}],"collection":[{"href":"https:\/\/studioveh.com\/de\/wp-json\/wp\/v2\/pages"}],"about":[{"href":"https:\/\/studioveh.com\/de\/wp-json\/wp\/v2\/types\/page"}],"author":[{"embeddable":true,"href":"https:\/\/studioveh.com\/de\/wp-json\/wp\/v2\/users\/6"}],"replies":[{"embeddable":true,"href":"https:\/\/studioveh.com\/de\/wp-json\/wp\/v2\/comments?post=453"}],"version-history":[{"count":1,"href":"https:\/\/studioveh.com\/de\/wp-json\/wp\/v2\/pages\/453\/revisions"}],"predecessor-version":[{"id":12177,"href":"https:\/\/studioveh.com\/de\/wp-json\/wp\/v2\/pages\/453\/revisions\/12177"}],"wp:attachment":[{"href":"https:\/\/studioveh.com\/de\/wp-json\/wp\/v2\/media?parent=453"}],"curies":[{"name":"wp","href":"https:\/\/api.w.org\/{rel}","templated":true}]}}